{"id":26,"date":"2021-11-23T22:55:38","date_gmt":"2021-11-23T21:55:38","guid":{"rendered":"http:\/\/kancelaria-syndyk.pl\/?page_id=26"},"modified":"2026-02-01T21:44:44","modified_gmt":"2026-02-01T20:44:44","slug":"kontakt","status":"publish","type":"page","link":"https:\/\/kancelaria-syndyk.pl\/?page_id=26","title":{"rendered":"Kontakt"},"content":{"rendered":"\n<div class=\"wp-block-columns has-2-columns is-layout-flex wp-container-core-columns-is-layout-9d6595d7 wp-block-columns-is-layout-flex\">\n<div class=\"wp-block-column is-layout-flow wp-block-column-is-layout-flow\"><div class=\"wp-block-image\">\n<figure class=\"aligncenter size-full is-resized\"><img loading=\"lazy\" decoding=\"async\" width=\"500\" height=\"500\" src=\"http:\/\/kancelaria-syndyk.pl\/wp-content\/uploads\/2021\/11\/9.png\" alt=\"\" class=\"wp-image-53\" style=\"width:274px;height:274px\" srcset=\"https:\/\/kancelaria-syndyk.pl\/wp-content\/uploads\/2021\/11\/9.png 500w, https:\/\/kancelaria-syndyk.pl\/wp-content\/uploads\/2021\/11\/9-300x300.png 300w, https:\/\/kancelaria-syndyk.pl\/wp-content\/uploads\/2021\/11\/9-150x150.png 150w\" sizes=\"auto, (max-width: 500px) 100vw, 500px\" \/><\/figure>\n<\/div><\/div>\n\n\n\n<div class=\"wp-block-column is-layout-flow wp-block-column-is-layout-flow\">\n<p><strong>Kancelaria Syndyka<br>mgr Karol Schmidt<\/strong><\/p>\n\n\n\n<p>e-mail: kschmidt.syndyk@gmail.com<br>tel. 507 370 233<\/p>\n\n\n\n<p><br>adresy: <\/p>\n\n\n\n<p><strong>ul. Lipowa 3\/209, 30-702 Krak\u00f3w<\/strong><\/p>\n\n\n\n<p>ul. Grzybowska 87, 00-844 Warszawa<\/p>\n\n\n\n<p>ul. Wrzosowa 19, 23-400 Bi\u0142goraj<\/p>\n\n\n\n<p>ul. Drogowc\u00f3w 14, 39-200 D\u0119bica<\/p>\n\n\n\n<p>ul. Toszecka 101\/114, 44-100 Gliwice<\/p>\n\n\n\n<p>ul. Batalion\u00f3w Ch\u0142opskich 50, 25-671 Kielce<\/p>\n\n\n\n<p>ul. Zacisze 5, 43-300 Bielsko-Bia\u0142a<\/p>\n\n\n\n<p>ul. Walerego S\u0142awka 5\/16, 40-833 Katowice<\/p>\n\n\n\n<p>ul. S\u0142oneczna 32\/9, 33-100 Tarn\u00f3w<\/p>\n<\/div>\n<\/div>\n\n\n\n<p><\/p>\n","protected":false},"excerpt":{"rendered":"<p>Kancelaria Syndykamgr Karol Schmidt e-mail: kschmidt.syndyk@gmail.comtel. 507 370 233 adresy: ul. Lipowa 3\/209, 30-702 Krak\u00f3w ul. Grzybowska 87, 00-844 Warszawa ul. Wrzosowa 19, 23-400 Bi\u0142goraj ul. Drogowc\u00f3w 14, 39-200 D\u0119bica &#8230;<\/p>\n","protected":false},"author":1,"featured_media":0,"parent":0,"menu_order":0,"comment_status":"closed","ping_status":"closed","template":"","meta":{"footnotes":""},"class_list":["post-26","page","type-page","status-publish","hentry"],"yoast_head":"<!-- This site is optimized with the Yoast SEO plugin v21.5 - https:\/\/yoast.com\/wordpress\/plugins\/seo\/ -->\n<title>Kontakt - Kancelaria Syndyka<\/title>\n<meta name=\"robots\" content=\"index, follow, max-snippet:-1, max-image-preview:large, max-video-preview:-1\" \/>\n<link rel=\"canonical\" href=\"https:\/\/kancelaria-syndyk.pl\/?page_id=26\" \/>\n<meta property=\"og:locale\" content=\"en_US\" \/>\n<meta property=\"og:type\" content=\"article\" \/>\n<meta property=\"og:title\" content=\"Kontakt - Kancelaria Syndyka\" \/>\n<meta property=\"og:description\" content=\"Kancelaria Syndykamgr Karol Schmidt e-mail: kschmidt.syndyk@gmail.comtel. 507 370 233 adresy: ul. Lipowa 3\/209, 30-702 Krak\u00f3w ul. Grzybowska 87, 00-844 Warszawa ul. Wrzosowa 19, 23-400 Bi\u0142goraj ul. Drogowc\u00f3w 14, 39-200 D\u0119bica ...\" \/>\n<meta property=\"og:url\" content=\"https:\/\/kancelaria-syndyk.pl\/?page_id=26\" \/>\n<meta property=\"og:site_name\" content=\"Kancelaria Syndyka\" \/>\n<meta property=\"article:modified_time\" content=\"2026-02-01T20:44:44+00:00\" \/>\n<meta property=\"og:image\" content=\"http:\/\/kancelaria-syndyk.pl\/wp-content\/uploads\/2021\/11\/9.png\" \/>\n<meta name=\"twitter:card\" content=\"summary_large_image\" \/>\n<meta name=\"twitter:label1\" content=\"Est. reading time\" \/>\n\t<meta name=\"twitter:data1\" content=\"1 minute\" \/>\n<script type=\"application\/ld+json\" class=\"yoast-schema-graph\">{\"@context\":\"https:\/\/schema.org\",\"@graph\":[{\"@type\":\"WebPage\",\"@id\":\"https:\/\/kancelaria-syndyk.pl\/?page_id=26\",\"url\":\"https:\/\/kancelaria-syndyk.pl\/?page_id=26\",\"name\":\"Kontakt - Kancelaria Syndyka\",\"isPartOf\":{\"@id\":\"https:\/\/kancelaria-syndyk.pl\/#website\"},\"datePublished\":\"2021-11-23T21:55:38+00:00\",\"dateModified\":\"2026-02-01T20:44:44+00:00\",\"breadcrumb\":{\"@id\":\"https:\/\/kancelaria-syndyk.pl\/?page_id=26#breadcrumb\"},\"inLanguage\":\"en-US\",\"potentialAction\":[{\"@type\":\"ReadAction\",\"target\":[\"https:\/\/kancelaria-syndyk.pl\/?page_id=26\"]}]},{\"@type\":\"BreadcrumbList\",\"@id\":\"https:\/\/kancelaria-syndyk.pl\/?page_id=26#breadcrumb\",\"itemListElement\":[{\"@type\":\"ListItem\",\"position\":1,\"name\":\"Home\",\"item\":\"https:\/\/kancelaria-syndyk.pl\/\"},{\"@type\":\"ListItem\",\"position\":2,\"name\":\"Kontakt\"}]},{\"@type\":\"WebSite\",\"@id\":\"https:\/\/kancelaria-syndyk.pl\/#website\",\"url\":\"https:\/\/kancelaria-syndyk.pl\/\",\"name\":\"Kancelaria Syndyka\",\"description\":\"mgr Karol Schmidt\",\"potentialAction\":[{\"@type\":\"SearchAction\",\"target\":{\"@type\":\"EntryPoint\",\"urlTemplate\":\"https:\/\/kancelaria-syndyk.pl\/?s={search_term_string}\"},\"query-input\":\"required name=search_term_string\"}],\"inLanguage\":\"en-US\"}]}<\/script>\n<!-- \/ Yoast SEO plugin. -->","yoast_head_json":{"title":"Kontakt - Kancelaria Syndyka","robots":{"index":"index","follow":"follow","max-snippet":"max-snippet:-1","max-image-preview":"max-image-preview:large","max-video-preview":"max-video-preview:-1"},"canonical":"https:\/\/kancelaria-syndyk.pl\/?page_id=26","og_locale":"en_US","og_type":"article","og_title":"Kontakt - Kancelaria Syndyka","og_description":"Kancelaria Syndykamgr Karol Schmidt e-mail: kschmidt.syndyk@gmail.comtel. 507 370 233 adresy: ul. Lipowa 3\/209, 30-702 Krak\u00f3w ul. Grzybowska 87, 00-844 Warszawa ul. Wrzosowa 19, 23-400 Bi\u0142goraj ul. Drogowc\u00f3w 14, 39-200 D\u0119bica ...","og_url":"https:\/\/kancelaria-syndyk.pl\/?page_id=26","og_site_name":"Kancelaria Syndyka","article_modified_time":"2026-02-01T20:44:44+00:00","og_image":[{"url":"http:\/\/kancelaria-syndyk.pl\/wp-content\/uploads\/2021\/11\/9.png"}],"twitter_card":"summary_large_image","twitter_misc":{"Est. reading time":"1 minute"},"schema":{"@context":"https:\/\/schema.org","@graph":[{"@type":"WebPage","@id":"https:\/\/kancelaria-syndyk.pl\/?page_id=26","url":"https:\/\/kancelaria-syndyk.pl\/?page_id=26","name":"Kontakt - Kancelaria Syndyka","isPartOf":{"@id":"https:\/\/kancelaria-syndyk.pl\/#website"},"datePublished":"2021-11-23T21:55:38+00:00","dateModified":"2026-02-01T20:44:44+00:00","breadcrumb":{"@id":"https:\/\/kancelaria-syndyk.pl\/?page_id=26#breadcrumb"},"inLanguage":"en-US","potentialAction":[{"@type":"ReadAction","target":["https:\/\/kancelaria-syndyk.pl\/?page_id=26"]}]},{"@type":"BreadcrumbList","@id":"https:\/\/kancelaria-syndyk.pl\/?page_id=26#breadcrumb","itemListElement":[{"@type":"ListItem","position":1,"name":"Home","item":"https:\/\/kancelaria-syndyk.pl\/"},{"@type":"ListItem","position":2,"name":"Kontakt"}]},{"@type":"WebSite","@id":"https:\/\/kancelaria-syndyk.pl\/#website","url":"https:\/\/kancelaria-syndyk.pl\/","name":"Kancelaria Syndyka","description":"mgr Karol Schmidt","potentialAction":[{"@type":"SearchAction","target":{"@type":"EntryPoint","urlTemplate":"https:\/\/kancelaria-syndyk.pl\/?s={search_term_string}"},"query-input":"required name=search_term_string"}],"inLanguage":"en-US"}]}},"_links":{"self":[{"href":"https:\/\/kancelaria-syndyk.pl\/index.php?rest_route=\/wp\/v2\/pages\/26","targetHints":{"allow":["GET"]}}],"collection":[{"href":"https:\/\/kancelaria-syndyk.pl\/index.php?rest_route=\/wp\/v2\/pages"}],"about":[{"href":"https:\/\/kancelaria-syndyk.pl\/index.php?rest_route=\/wp\/v2\/types\/page"}],"author":[{"embeddable":true,"href":"https:\/\/kancelaria-syndyk.pl\/index.php?rest_route=\/wp\/v2\/users\/1"}],"replies":[{"embeddable":true,"href":"https:\/\/kancelaria-syndyk.pl\/index.php?rest_route=%2Fwp%2Fv2%2Fcomments&post=26"}],"version-history":[{"count":10,"href":"https:\/\/kancelaria-syndyk.pl\/index.php?rest_route=\/wp\/v2\/pages\/26\/revisions"}],"predecessor-version":[{"id":524,"href":"https:\/\/kancelaria-syndyk.pl\/index.php?rest_route=\/wp\/v2\/pages\/26\/revisions\/524"}],"wp:attachment":[{"href":"https:\/\/kancelaria-syndyk.pl\/index.php?rest_route=%2Fwp%2Fv2%2Fmedia&parent=26"}],"curies":[{"name":"wp","href":"https:\/\/api.w.org\/{rel}","templated":true}]}}